{"id":100,"date":"2023-06-12T11:56:04","date_gmt":"2023-06-12T09:56:04","guid":{"rendered":"https:\/\/kulturalnie.eu\/?page_id=100"},"modified":"2024-01-04T11:49:17","modified_gmt":"2024-01-04T10:49:17","slug":"wykladowscy","status":"publish","type":"page","link":"https:\/\/kulturalnie.eu\/index.php\/wykladowscy\/","title":{"rendered":"Wyk\u0142adowcy"},"content":{"rendered":"\t\t<div data-elementor-type=\"wp-page\" data-elementor-id=\"100\" class=\"elementor elementor-100\">\n\t\t\t\t\t\t<section class=\"elementor-section elementor-top-section elementor-element elementor-element-1497b83 elementor-section-boxed elementor-section-height-default elementor-section-height-default\" data-id=\"1497b83\" data-element_type=\"section\" data-e-type=\"section\">\n\t\t\t\t\t\t<div class=\"elementor-container elementor-column-gap-default\">\n\t\t\t\t\t<div class=\"elementor-column elementor-col-100 elementor-top-column elementor-element elementor-element-af719a6\" data-id=\"af719a6\" data-element_type=\"column\" data-e-type=\"column\">\n\t\t\t<div class=\"elementor-widget-wrap\">\n\t\t\t\t\t\t\t<\/div>\n\t\t<\/div>\n\t\t\t\t\t<\/div>\n\t\t<\/section>\n\t\t\t\t<section class=\"elementor-section elementor-top-section elementor-element elementor-element-d9b83ab elementor-section-boxed elementor-section-height-default elementor-section-height-default\" data-id=\"d9b83ab\" data-element_type=\"section\" data-e-type=\"section\">\n\t\t\t\t\t\t<div class=\"elementor-container elementor-column-gap-default\">\n\t\t\t\t\t<div class=\"elementor-column elementor-col-33 elementor-top-column elementor-element elementor-element-5a48611\" data-id=\"5a48611\" data-element_type=\"column\" data-e-type=\"column\">\n\t\t\t<div class=\"elementor-widget-wrap elementor-element-populated\">\n\t\t\t\t\t\t<div class=\"elementor-element elementor-element-999d7f5 elementor-widget elementor-widget-heading\" data-id=\"999d7f5\" data-element_type=\"widget\" data-e-type=\"widget\" data-widget_type=\"heading.default\">\n\t\t\t\t<div class=\"elementor-widget-container\">\n\t\t\t\t\t<h2 class=\"elementor-heading-title elementor-size-default\">Wojciech \u0141uka<\/h2>\t\t\t\t<\/div>\n\t\t\t\t<\/div>\n\t\t\t\t<div class=\"elementor-element elementor-element-0df4334 elementor-widget elementor-widget-text-editor\" data-id=\"0df4334\" data-element_type=\"widget\" data-e-type=\"widget\" data-widget_type=\"text-editor.default\">\n\t\t\t\t<div class=\"elementor-widget-container\">\n\t\t\t\t\t\t\t\t\t<div class=\"xdj266r x11i5rnm xat24cr x1mh8g0r x1vvkbs x126k92a\"><div dir=\"auto\">Studiowa\u0142 na Uniwersytecie \u015al\u0105skim na Wydziale Pedagogiczno-Artystycznym, nast\u0119pnie na Uniwersytecie Miko\u0142aja Kopernika na Wydziale Sztuk Pi\u0119knych. Dopiero studia artystyczne z tytu\u0142em magistra sztuki uko\u0144czy\u0142 z wyr\u00f3\u017cnieniem na Wydziale Grafiki w Katowicach ASP w Krakowie. Dyplom obroni\u0142 w pracowni wypuk\u0142odruku W. Krzywob\u0142ockiego i w pracowni projektowania graficznego S. Kluski. W latach 1984\u201390 by\u0142 redaktorem graficznym tygodnika \u201eTak i Nie\u201d, a w okresie 1988\u201391 piastowa\u0142 stanowisko dyrektora artystycznego Wydawnictwa \u201eJutro\u201d. Od roku 1991 do roku 2010 \u2013 pracowa\u0142 w tyskim magistracie jako Plastyk Miejski Wydzia\u0142u Architektury w Tychach. Od 1994 wsp\u00f3\u0142tw\u00f3rca i cz\u0142onek kolegium redakcyjnego, a tak\u017ce kierownik Dzia\u0142u Graficznego miesi\u0119cznika \u201e\u015al\u0105sk\u201d. Od 01 pa\u017adziernika 2019 kurator Miejskiej Galerii Sztuki OBOK. Uprawia tw\u00f3rczo\u015b\u0107 artystyczn\u0105 w zakresie projektowania graficznego, sztuki u\u017cytkowej, grafiki warsztatowej z przewag\u0105 wypuk\u0142odruk\u00f3w, rysunku, ilustracji ksi\u0105\u017ckowej i malarstwa akwarelowego. Autor wielu nazw i znak\u00f3w graficznych m.in.: logo Opery \u015al\u0105skiej, Agencji Promocji i Rozwoju Miasta Tychy, Fabryki Okien, miesi\u0119cznika \u201e\u015al\u0105sk\u201d. Tw\u00f3rca \u201eSkupu Kultury\u201d. Prowadzi w Tychach Szko\u0142\u0119 Rysunku i Malarstwa. Ma na swoim koncie ponad 1800 publikacji w formie ilustracji do prozy i poezji, ksi\u0105\u017cek i prasy oraz opraw artystycznych periodyk\u00f3w okazjonalnych.<\/div><\/div><div class=\"x11i5rnm xat24cr x1mh8g0r x1vvkbs xtlvy1s x126k92a\"><div dir=\"auto\">\u00a0<\/div><\/div><div class=\"x11i5rnm xat24cr x1mh8g0r x1vvkbs xtlvy1s x126k92a\">\u00a0<\/div>\t\t\t\t\t\t\t\t<\/div>\n\t\t\t\t<\/div>\n\t\t\t\t\t<\/div>\n\t\t<\/div>\n\t\t\t\t<div class=\"elementor-column elementor-col-66 elementor-top-column elementor-element elementor-element-86acf0a\" data-id=\"86acf0a\" data-element_type=\"column\" data-e-type=\"column\">\n\t\t\t<div class=\"elementor-widget-wrap elementor-element-populated\">\n\t\t\t\t\t\t<div class=\"elementor-element elementor-element-72cf697 elementor-widget elementor-widget-image\" data-id=\"72cf697\" data-element_type=\"widget\" data-e-type=\"widget\" data-widget_type=\"image.default\">\n\t\t\t\t<div class=\"elementor-widget-container\">\n\t\t\t\t\t\t\t\t\t\t\t\t\t\t\t<img fetchpriority=\"high\" decoding=\"async\" width=\"1024\" height=\"1024\" src=\"https:\/\/kulturalnie.eu\/wp-content\/uploads\/2024\/01\/SK-17-1024x1024.png\" class=\"attachment-large size-large wp-image-391\" alt=\"\" srcset=\"https:\/\/kulturalnie.eu\/wp-content\/uploads\/2024\/01\/SK-17-1024x1024.png 1024w, https:\/\/kulturalnie.eu\/wp-content\/uploads\/2024\/01\/SK-17-300x300.png 300w, https:\/\/kulturalnie.eu\/wp-content\/uploads\/2024\/01\/SK-17-150x150.png 150w, https:\/\/kulturalnie.eu\/wp-content\/uploads\/2024\/01\/SK-17-768x768.png 768w, https:\/\/kulturalnie.eu\/wp-content\/uploads\/2024\/01\/SK-17.png 1080w\" sizes=\"(max-width: 1024px) 100vw, 1024px\" \/>\t\t\t\t\t\t\t\t\t\t\t\t\t\t\t<\/div>\n\t\t\t\t<\/div>\n\t\t\t\t\t<\/div>\n\t\t<\/div>\n\t\t\t\t\t<\/div>\n\t\t<\/section>\n\t\t\t\t<section class=\"elementor-section elementor-top-section elementor-element elementor-element-50a0dc2 elementor-section-boxed elementor-section-height-default elementor-section-height-default\" data-id=\"50a0dc2\" data-element_type=\"section\" data-e-type=\"section\">\n\t\t\t\t\t\t<div class=\"elementor-container elementor-column-gap-default\">\n\t\t\t\t\t<div class=\"elementor-column elementor-col-100 elementor-top-column elementor-element elementor-element-5893bf3\" data-id=\"5893bf3\" data-element_type=\"column\" data-e-type=\"column\">\n\t\t\t<div class=\"elementor-widget-wrap elementor-element-populated\">\n\t\t\t\t\t\t<div class=\"elementor-element elementor-element-faa09be elementor-widget-divider--view-line elementor-widget elementor-widget-divider\" data-id=\"faa09be\" data-element_type=\"widget\" data-e-type=\"widget\" data-widget_type=\"divider.default\">\n\t\t\t\t<div class=\"elementor-widget-container\">\n\t\t\t\t\t\t\t<div class=\"elementor-divider\">\n\t\t\t<span class=\"elementor-divider-separator\">\n\t\t\t\t\t\t<\/span>\n\t\t<\/div>\n\t\t\t\t\t\t<\/div>\n\t\t\t\t<\/div>\n\t\t\t\t\t<\/div>\n\t\t<\/div>\n\t\t\t\t\t<\/div>\n\t\t<\/section>\n\t\t\t\t<section class=\"elementor-section elementor-top-section elementor-element elementor-element-4ca1786 elementor-section-boxed elementor-section-height-default elementor-section-height-default\" data-id=\"4ca1786\" data-element_type=\"section\" data-e-type=\"section\">\n\t\t\t\t\t\t<div class=\"elementor-container elementor-column-gap-default\">\n\t\t\t\t\t<div class=\"elementor-column elementor-col-66 elementor-top-column elementor-element elementor-element-8df44c3\" data-id=\"8df44c3\" data-element_type=\"column\" data-e-type=\"column\">\n\t\t\t<div class=\"elementor-widget-wrap elementor-element-populated\">\n\t\t\t\t\t\t<div class=\"elementor-element elementor-element-85d174e elementor-widget elementor-widget-image\" data-id=\"85d174e\" data-element_type=\"widget\" data-e-type=\"widget\" data-widget_type=\"image.default\">\n\t\t\t\t<div class=\"elementor-widget-container\">\n\t\t\t\t\t\t\t\t\t\t\t\t\t\t\t<img decoding=\"async\" width=\"1024\" height=\"1024\" src=\"https:\/\/kulturalnie.eu\/wp-content\/uploads\/2023\/10\/SK-11-1024x1024.png\" class=\"attachment-large size-large wp-image-355\" alt=\"\" srcset=\"https:\/\/kulturalnie.eu\/wp-content\/uploads\/2023\/10\/SK-11-1024x1024.png 1024w, https:\/\/kulturalnie.eu\/wp-content\/uploads\/2023\/10\/SK-11-300x300.png 300w, https:\/\/kulturalnie.eu\/wp-content\/uploads\/2023\/10\/SK-11-150x150.png 150w, https:\/\/kulturalnie.eu\/wp-content\/uploads\/2023\/10\/SK-11-768x768.png 768w, https:\/\/kulturalnie.eu\/wp-content\/uploads\/2023\/10\/SK-11.png 1080w\" sizes=\"(max-width: 1024px) 100vw, 1024px\" \/>\t\t\t\t\t\t\t\t\t\t\t\t\t\t\t<\/div>\n\t\t\t\t<\/div>\n\t\t\t\t\t<\/div>\n\t\t<\/div>\n\t\t\t\t<div class=\"elementor-column elementor-col-33 elementor-top-column elementor-element elementor-element-9e01e9c\" data-id=\"9e01e9c\" data-element_type=\"column\" data-e-type=\"column\">\n\t\t\t<div class=\"elementor-widget-wrap elementor-element-populated\">\n\t\t\t\t\t\t<div class=\"elementor-element elementor-element-35cb2cb elementor-widget elementor-widget-heading\" data-id=\"35cb2cb\" data-element_type=\"widget\" data-e-type=\"widget\" data-widget_type=\"heading.default\">\n\t\t\t\t<div class=\"elementor-widget-container\">\n\t\t\t\t\t<h2 class=\"elementor-heading-title elementor-size-default\">Kamil Peszat<\/h2>\t\t\t\t<\/div>\n\t\t\t\t<\/div>\n\t\t\t\t<div class=\"elementor-element elementor-element-40c1d42 elementor-widget elementor-widget-text-editor\" data-id=\"40c1d42\" data-element_type=\"widget\" data-e-type=\"widget\" data-widget_type=\"text-editor.default\">\n\t\t\t\t<div class=\"elementor-widget-container\">\n\t\t\t\t\t\t\t\t\t<p>Absolwent dziennikarstwa na Akademii G\u00f3rno\u015bl\u0105skiej. Swoje stal\u00f3wki ostrzy\u0142 pod<br \/>okiem takich tuz\u00f3w jak Kuba Wojew\u00f3dzki, Kamil Durczok czy Wojciech Jagielski. Za\u0142o\u017cycielstudenckiej rozg\u0142o\u015bni radiowej Punkt G oraz magazynu o tej samej nazwie. Wieloletni redaktor portalu konsolowisko.pl, kt\u00f3ry wsp\u00f3\u0142tworzy\u0142 z prekursorem prasy gameingowej w Polsce Tomaszem Kozio\u0142em. Aktualnie redaktor naczelny portalu miejskiego tychy.pl oraz redaktor tygodnika miejskiego Twoje Tychy. W pewnym momencie swojego \u017cycia postanowi\u0142 uzupe\u0142ni\u0107 swoje s\u0142owa o graficzn\u0105 form\u0119 wyrazu. Nauczy\u0142 si\u0119 obs\u0142ugi aparatu i zacz\u0105\u0142 dokumentowa\u0107 lokalne<br \/>wydarzenia. Dzi\u015b nie umia\u0142by wybra\u0107 mi\u0119dzy stal\u00f3wk\u0105 a mat\u00f3wk\u0105 aparatu. Na szcz\u0119\u015bcie nie musi. W fotografii interesuje si\u0119 wszystkim od portretu, przez fotografi\u0119 podr\u00f3\u017cnicz\u0105, streetow\u0105 czy reporta\u017cow\u0105. Wyznaje star\u0105 zasad\u0119, \u017ce w fotografii najtrudniejsze jest pierwsze 10 tysi\u0119cy zdj\u0119\u0107. Cho\u0107 bior\u0105c pod uwag\u0119 szybko\u015b\u0107 dzisiejszych migawek, sk\u0142ania si\u0119 ku podniesieniu tej liczny do miliona lub dw\u00f3ch.<\/p>\t\t\t\t\t\t\t\t<\/div>\n\t\t\t\t<\/div>\n\t\t\t\t\t<\/div>\n\t\t<\/div>\n\t\t\t\t\t<\/div>\n\t\t<\/section>\n\t\t\t\t<section class=\"elementor-section elementor-top-section elementor-element elementor-element-ffee0a6 elementor-section-boxed elementor-section-height-default elementor-section-height-default\" data-id=\"ffee0a6\" data-element_type=\"section\" data-e-type=\"section\">\n\t\t\t\t\t\t<div class=\"elementor-container elementor-column-gap-default\">\n\t\t\t\t\t<div class=\"elementor-column elementor-col-100 elementor-top-column elementor-element elementor-element-b50dc94\" data-id=\"b50dc94\" data-element_type=\"column\" data-e-type=\"column\">\n\t\t\t<div class=\"elementor-widget-wrap elementor-element-populated\">\n\t\t\t\t\t\t<div class=\"elementor-element elementor-element-91b4e41 elementor-widget-divider--view-line elementor-widget elementor-widget-divider\" data-id=\"91b4e41\" data-element_type=\"widget\" data-e-type=\"widget\" data-widget_type=\"divider.default\">\n\t\t\t\t<div class=\"elementor-widget-container\">\n\t\t\t\t\t\t\t<div class=\"elementor-divider\">\n\t\t\t<span class=\"elementor-divider-separator\">\n\t\t\t\t\t\t<\/span>\n\t\t<\/div>\n\t\t\t\t\t\t<\/div>\n\t\t\t\t<\/div>\n\t\t\t\t\t<\/div>\n\t\t<\/div>\n\t\t\t\t\t<\/div>\n\t\t<\/section>\n\t\t\t\t<section class=\"elementor-section elementor-top-section elementor-element elementor-element-e0892f4 elementor-section-boxed elementor-section-height-default elementor-section-height-default\" data-id=\"e0892f4\" data-element_type=\"section\" data-e-type=\"section\">\n\t\t\t\t\t\t<div class=\"elementor-container elementor-column-gap-default\">\n\t\t\t\t\t<div class=\"elementor-column elementor-col-33 elementor-top-column elementor-element elementor-element-d9bc70b\" data-id=\"d9bc70b\" data-element_type=\"column\" data-e-type=\"column\">\n\t\t\t<div class=\"elementor-widget-wrap elementor-element-populated\">\n\t\t\t\t\t\t<div class=\"elementor-element elementor-element-4607166 elementor-widget elementor-widget-heading\" data-id=\"4607166\" data-element_type=\"widget\" data-e-type=\"widget\" data-widget_type=\"heading.default\">\n\t\t\t\t<div class=\"elementor-widget-container\">\n\t\t\t\t\t<h2 class=\"elementor-heading-title elementor-size-default\">Artur Wypich<\/h2>\t\t\t\t<\/div>\n\t\t\t\t<\/div>\n\t\t\t\t<div class=\"elementor-element elementor-element-7cfbafc elementor-widget elementor-widget-text-editor\" data-id=\"7cfbafc\" data-element_type=\"widget\" data-e-type=\"widget\" data-widget_type=\"text-editor.default\">\n\t\t\t\t<div class=\"elementor-widget-container\">\n\t\t\t\t\t\t\t\t\t<p>Pianista, kompozytor i aran\u017cer. Wieloletni akompaniator i producent muzyczny Katowickiego Ch\u00f3ru Gospel Sound.<br \/>By\u0142 pianist\u0105 i aran\u017cerem w zespole Brian Fentress feat. ReGeneration, kt\u00f3ry wyda\u0142 album Live DVD \u201eLighthouse\u201d. Wsp\u00f3\u0142pracowa\u0142 z wieloma artystami (m.in. Brian Fentress, Wayne Ellington, Lisa Toussaint, Ruth Waldron, DeoCentricity, ReGeneration, Gospel Joy, Holy Noiz) w charakterze pianisty, akompaniatora, aran\u017cera i dyrektora muzycznego podczas koncert\u00f3w i warsztat\u00f3w muzyki gospel.<br \/>Jest za\u0142o\u017cycielem zespo\u0142u Tree of Sounds, kt\u00f3ry w 2019r. autorskim singlem \u201eThis is how it works\u201d wygra\u0142 Grand Prix \u201eKryszta\u0142owa Barka\u201d na IV Mi\u0119dzynarodowym Festiwalu Tw\u00f3rczo\u015bci Chrze\u015bcija\u0144skiej \u201eAlleluja, czyli Happy Day\u201d w Kielcach w kategorii najlepszy utw\u00f3r autorski.<\/p>\t\t\t\t\t\t\t\t<\/div>\n\t\t\t\t<\/div>\n\t\t\t\t\t<\/div>\n\t\t<\/div>\n\t\t\t\t<div class=\"elementor-column elementor-col-66 elementor-top-column elementor-element elementor-element-6443011\" data-id=\"6443011\" data-element_type=\"column\" data-e-type=\"column\">\n\t\t\t<div class=\"elementor-widget-wrap elementor-element-populated\">\n\t\t\t\t\t\t<div class=\"elementor-element elementor-element-7fa8649 elementor-widget elementor-widget-image\" data-id=\"7fa8649\" data-element_type=\"widget\" data-e-type=\"widget\" data-widget_type=\"image.default\">\n\t\t\t\t<div class=\"elementor-widget-container\">\n\t\t\t\t\t\t\t\t\t\t\t\t\t\t\t<img decoding=\"async\" width=\"1024\" height=\"1024\" src=\"https:\/\/kulturalnie.eu\/wp-content\/uploads\/2023\/10\/SK-13-1024x1024.png\" class=\"attachment-large size-large wp-image-370\" alt=\"\" srcset=\"https:\/\/kulturalnie.eu\/wp-content\/uploads\/2023\/10\/SK-13-1024x1024.png 1024w, https:\/\/kulturalnie.eu\/wp-content\/uploads\/2023\/10\/SK-13-300x300.png 300w, https:\/\/kulturalnie.eu\/wp-content\/uploads\/2023\/10\/SK-13-150x150.png 150w, https:\/\/kulturalnie.eu\/wp-content\/uploads\/2023\/10\/SK-13-768x768.png 768w, https:\/\/kulturalnie.eu\/wp-content\/uploads\/2023\/10\/SK-13.png 1080w\" sizes=\"(max-width: 1024px) 100vw, 1024px\" \/>\t\t\t\t\t\t\t\t\t\t\t\t\t\t\t<\/div>\n\t\t\t\t<\/div>\n\t\t\t\t\t<\/div>\n\t\t<\/div>\n\t\t\t\t\t<\/div>\n\t\t<\/section>\n\t\t\t\t<section class=\"elementor-section elementor-top-section elementor-element elementor-element-250f285 elementor-section-boxed elementor-section-height-default elementor-section-height-default\" data-id=\"250f285\" data-element_type=\"section\" data-e-type=\"section\">\n\t\t\t\t\t\t<div class=\"elementor-container elementor-column-gap-default\">\n\t\t\t\t\t<div class=\"elementor-column elementor-col-100 elementor-top-column elementor-element elementor-element-3fe3e26\" data-id=\"3fe3e26\" data-element_type=\"column\" data-e-type=\"column\">\n\t\t\t<div class=\"elementor-widget-wrap elementor-element-populated\">\n\t\t\t\t\t\t<div class=\"elementor-element elementor-element-9fec9d8 elementor-widget-divider--view-line elementor-widget elementor-widget-divider\" data-id=\"9fec9d8\" data-element_type=\"widget\" data-e-type=\"widget\" data-widget_type=\"divider.default\">\n\t\t\t\t<div class=\"elementor-widget-container\">\n\t\t\t\t\t\t\t<div class=\"elementor-divider\">\n\t\t\t<span class=\"elementor-divider-separator\">\n\t\t\t\t\t\t<\/span>\n\t\t<\/div>\n\t\t\t\t\t\t<\/div>\n\t\t\t\t<\/div>\n\t\t\t\t\t<\/div>\n\t\t<\/div>\n\t\t\t\t\t<\/div>\n\t\t<\/section>\n\t\t\t\t<section class=\"elementor-section elementor-top-section elementor-element elementor-element-33d331f elementor-section-boxed elementor-section-height-default elementor-section-height-default\" data-id=\"33d331f\" data-element_type=\"section\" data-e-type=\"section\">\n\t\t\t\t\t\t<div class=\"elementor-container elementor-column-gap-default\">\n\t\t\t\t\t<div class=\"elementor-column elementor-col-66 elementor-top-column elementor-element elementor-element-7386ee3\" data-id=\"7386ee3\" data-element_type=\"column\" data-e-type=\"column\">\n\t\t\t<div class=\"elementor-widget-wrap elementor-element-populated\">\n\t\t\t\t\t\t<div class=\"elementor-element elementor-element-9aff1d8 elementor-widget elementor-widget-heading\" data-id=\"9aff1d8\" data-element_type=\"widget\" data-e-type=\"widget\" data-widget_type=\"heading.default\">\n\t\t\t\t<div class=\"elementor-widget-container\">\n\t\t\t\t\t<h2 class=\"elementor-heading-title elementor-size-default\">Maria Mazur-Cichy<\/h2>\t\t\t\t<\/div>\n\t\t\t\t<\/div>\n\t\t\t\t<div class=\"elementor-element elementor-element-de8201b elementor-widget elementor-widget-text-editor\" data-id=\"de8201b\" data-element_type=\"widget\" data-e-type=\"widget\" data-widget_type=\"text-editor.default\">\n\t\t\t\t<div class=\"elementor-widget-container\">\n\t\t\t\t\t\t\t\t\t<p>Z zawodu artystka, plastyk, witra\u017cystka, pedagog, a w ko\u0144cu autoterapeuta. Niezmiennie od najm\u0142odszych lat zafascynowana dziedzin\u0105 witra\u017cu. Od paru lat anga\u017cuje si\u0119 w zaszczepianiu tej pasji na warsztatach.\u00a0<\/p>\t\t\t\t\t\t\t\t<\/div>\n\t\t\t\t<\/div>\n\t\t\t\t\t<\/div>\n\t\t<\/div>\n\t\t\t\t<div class=\"elementor-column elementor-col-33 elementor-top-column elementor-element elementor-element-26b6ac7\" data-id=\"26b6ac7\" data-element_type=\"column\" data-e-type=\"column\">\n\t\t\t<div class=\"elementor-widget-wrap elementor-element-populated\">\n\t\t\t\t\t\t<div class=\"elementor-element elementor-element-3ee653e elementor-widget elementor-widget-image\" data-id=\"3ee653e\" data-element_type=\"widget\" data-e-type=\"widget\" data-widget_type=\"image.default\">\n\t\t\t\t<div class=\"elementor-widget-container\">\n\t\t\t\t\t\t\t\t\t\t\t\t\t\t\t<img loading=\"lazy\" decoding=\"async\" width=\"1024\" height=\"1024\" src=\"https:\/\/kulturalnie.eu\/wp-content\/uploads\/2023\/10\/SK-14-1024x1024.png\" class=\"attachment-large size-large wp-image-374\" alt=\"\" srcset=\"https:\/\/kulturalnie.eu\/wp-content\/uploads\/2023\/10\/SK-14-1024x1024.png 1024w, https:\/\/kulturalnie.eu\/wp-content\/uploads\/2023\/10\/SK-14-300x300.png 300w, https:\/\/kulturalnie.eu\/wp-content\/uploads\/2023\/10\/SK-14-150x150.png 150w, https:\/\/kulturalnie.eu\/wp-content\/uploads\/2023\/10\/SK-14-768x768.png 768w, https:\/\/kulturalnie.eu\/wp-content\/uploads\/2023\/10\/SK-14.png 1080w\" sizes=\"(max-width: 1024px) 100vw, 1024px\" \/>\t\t\t\t\t\t\t\t\t\t\t\t\t\t\t<\/div>\n\t\t\t\t<\/div>\n\t\t\t\t\t<\/div>\n\t\t<\/div>\n\t\t\t\t\t<\/div>\n\t\t<\/section>\n\t\t\t\t<\/div>\n\t\t","protected":false},"excerpt":{"rendered":"<p>Wojciech \u0141uka Studiowa\u0142 na Uniwersytecie \u015al\u0105skim na Wydziale Pedagogiczno-Artystycznym, nast\u0119pnie na Uniwersytecie Miko\u0142aja Kopernika na Wydziale Sztuk Pi\u0119knych. Dopiero studia artystyczne z tytu\u0142em magistra sztuki uko\u0144czy\u0142 z wyr\u00f3\u017cnieniem na Wydziale Grafiki w Katowicach ASP w Krakowie. Dyplom obroni\u0142 w pracowni wypuk\u0142odruku W. Krzywob\u0142ockiego i w pracowni projektowania graficznego S. Kluski. W latach 1984\u201390 by\u0142 redaktorem&#8230;<\/p>\n","protected":false},"author":1,"featured_media":0,"parent":0,"menu_order":0,"comment_status":"closed","ping_status":"closed","template":"","meta":{"_kad_post_transparent":"","_kad_post_title":"hide","_kad_post_layout":"fullwidth","_kad_post_sidebar_id":"","_kad_post_content_style":"unboxed","_kad_post_vertical_padding":"hide","_kad_post_feature":"hide","_kad_post_feature_position":"","_kad_post_header":false,"_kad_post_footer":false,"footnotes":""},"class_list":["post-100","page","type-page","status-publish","hentry"],"_links":{"self":[{"href":"https:\/\/kulturalnie.eu\/index.php\/wp-json\/wp\/v2\/pages\/100","targetHints":{"allow":["GET"]}}],"collection":[{"href":"https:\/\/kulturalnie.eu\/index.php\/wp-json\/wp\/v2\/pages"}],"about":[{"href":"https:\/\/kulturalnie.eu\/index.php\/wp-json\/wp\/v2\/types\/page"}],"author":[{"embeddable":true,"href":"https:\/\/kulturalnie.eu\/index.php\/wp-json\/wp\/v2\/users\/1"}],"replies":[{"embeddable":true,"href":"https:\/\/kulturalnie.eu\/index.php\/wp-json\/wp\/v2\/comments?post=100"}],"version-history":[{"count":113,"href":"https:\/\/kulturalnie.eu\/index.php\/wp-json\/wp\/v2\/pages\/100\/revisions"}],"predecessor-version":[{"id":401,"href":"https:\/\/kulturalnie.eu\/index.php\/wp-json\/wp\/v2\/pages\/100\/revisions\/401"}],"wp:attachment":[{"href":"https:\/\/kulturalnie.eu\/index.php\/wp-json\/wp\/v2\/media?parent=100"}],"curies":[{"name":"wp","href":"https:\/\/api.w.org\/{rel}","templated":true}]}}