{"id":54,"date":"2023-06-12T09:25:23","date_gmt":"2023-06-12T07:25:23","guid":{"rendered":"https:\/\/kulturalnie.eu\/?page_id=54"},"modified":"2023-07-05T11:07:55","modified_gmt":"2023-07-05T09:07:55","slug":"polityka-prywatnosci","status":"publish","type":"page","link":"https:\/\/kulturalnie.eu\/index.php\/polityka-prywatnosci\/","title":{"rendered":"Polityka prywatno\u015bci"},"content":{"rendered":"\t\t<div data-elementor-type=\"wp-page\" data-elementor-id=\"54\" class=\"elementor elementor-54\">\n\t\t\t\t\t\t<section class=\"elementor-section elementor-top-section elementor-element elementor-element-4cf2f03 elementor-section-boxed elementor-section-height-default elementor-section-height-default\" data-id=\"4cf2f03\" data-element_type=\"section\" data-e-type=\"section\">\n\t\t\t\t\t\t<div class=\"elementor-container elementor-column-gap-default\">\n\t\t\t\t\t<div class=\"elementor-column elementor-col-100 elementor-top-column elementor-element elementor-element-ae91925\" data-id=\"ae91925\" data-element_type=\"column\" data-e-type=\"column\">\n\t\t\t<div class=\"elementor-widget-wrap elementor-element-populated\">\n\t\t\t\t\t\t<div class=\"elementor-element elementor-element-ba73ccd elementor-widget elementor-widget-text-editor\" data-id=\"ba73ccd\" data-element_type=\"widget\" data-e-type=\"widget\" data-widget_type=\"text-editor.default\">\n\t\t\t\t<div class=\"elementor-widget-container\">\n\t\t\t\t\t\t\t\t\t<section class=\"elementor-section elementor-top-section elementor-element elementor-element-0389636 elementor-section-boxed elementor-section-height-default elementor-section-height-default\" style=\"flex-basis: var(--flex-basis); flex-grow: var(--flex-grow); flex-shrink: var(--flex-shrink); order: var(--order); align-self: var(--align-self); --swiper-theme-color: #000; --swiper-navigation-size: 44px; --swiper-pagination-bullet-size: 6px; --swiper-pagination-bullet-horizontal-gap: 6px; color: #2d3748; font-family: -apple-system, BlinkMacSystemFont, 'Segoe UI', Roboto, Oxygen-Sans, Ubuntu, Cantarell, 'Helvetica Neue', sans-serif, 'Apple Color Emoji', 'Segoe UI Emoji', 'Segoe UI Symbol';\" data-id=\"0389636\" data-element_type=\"section\"><div class=\"elementor-container elementor-column-gap-default\"><div class=\"elementor-column elementor-col-100 elementor-top-column elementor-element elementor-element-5384f63\" style=\"flex-basis: var(--flex-basis); flex-grow: var(--flex-grow); flex-shrink: var(--flex-shrink); order: var(--order); align-self: var(--align-self); --swiper-theme-color: #000; --swiper-navigation-size: 44px; --swiper-pagination-bullet-size: 6px; --swiper-pagination-bullet-horizontal-gap: 6px; width: 1140px;\" data-id=\"5384f63\" data-element_type=\"column\"><div class=\"elementor-widget-wrap elementor-element-populated\" style=\"width: 1140px;\"><div class=\"elementor-element elementor-element-8ec9761 elementor-widget elementor-widget-heading\" style=\"flex-basis: var(--flex-basis); flex-grow: var(--flex-grow); flex-shrink: var(--flex-shrink); order: var(--order); align-self: var(--align-self); flex-direction: var(--flex-direction); flex-wrap: var(--flex-wrap); justify-content: var(--justify-content); align-items: var(--align-items); align-content: var(--align-content); gap: var(--gap); --swiper-theme-color: #000; --swiper-navigation-size: 44px; --swiper-pagination-bullet-size: 6px; --swiper-pagination-bullet-horizontal-gap: 6px; width: 1120px;\" data-id=\"8ec9761\" data-element_type=\"widget\" data-widget_type=\"heading.default\"><div class=\"elementor-widget-container\" style=\"transition: background .3s,border .3s,border-radius .3s,box-shadow .3s,transform var(--e-transform-transition-duration,.4s);\"><h2 class=\"elementor-heading-title elementor-size-default\" style=\"margin-top: 1.5em; font-family: var( --e-global-typography-primary-font-family ), Sans-serif; font-weight: var( --e-global-typography-primary-font-weight ); color: #000000;\">Polityka Prywatno\u015bci<\/h2><\/div><\/div><\/div><\/div><\/div><\/section><section class=\"elementor-section elementor-top-section elementor-element elementor-element-523b31c elementor-section-boxed elementor-section-height-default elementor-section-height-default\" style=\"flex-basis: var(--flex-basis); flex-grow: var(--flex-grow); flex-shrink: var(--flex-shrink); order: var(--order); align-self: var(--align-self); --swiper-theme-color: #000; --swiper-navigation-size: 44px; --swiper-pagination-bullet-size: 6px; --swiper-pagination-bullet-horizontal-gap: 6px; color: #2d3748; font-family: -apple-system, BlinkMacSystemFont, 'Segoe UI', Roboto, Oxygen-Sans, Ubuntu, Cantarell, 'Helvetica Neue', sans-serif, 'Apple Color Emoji', 'Segoe UI Emoji', 'Segoe UI Symbol';\" data-id=\"523b31c\" data-element_type=\"section\"><div class=\"elementor-container elementor-column-gap-default\"><div class=\"elementor-column elementor-col-100 elementor-top-column elementor-element elementor-element-62bed5b\" style=\"flex-basis: var(--flex-basis); flex-grow: var(--flex-grow); flex-shrink: var(--flex-shrink); order: var(--order); align-self: var(--align-self); --swiper-theme-color: #000; --swiper-navigation-size: 44px; --swiper-pagination-bullet-size: 6px; --swiper-pagination-bullet-horizontal-gap: 6px; width: 1140px;\" data-id=\"62bed5b\" data-element_type=\"column\"><div class=\"elementor-widget-wrap elementor-element-populated\" style=\"width: 1140px;\"><div class=\"elementor-element elementor-element-e5aa39b elementor-widget elementor-widget-text-editor\" style=\"flex-basis: var(--flex-basis); flex-grow: var(--flex-grow); flex-shrink: var(--flex-shrink); order: var(--order); align-self: var(--align-self); flex-direction: var(--flex-direction); flex-wrap: var(--flex-wrap); justify-content: var(--justify-content); align-items: var(--align-items); align-content: var(--align-content); gap: var(--gap); --swiper-theme-color: #000; --swiper-navigation-size: 44px; --swiper-pagination-bullet-size: 6px; --swiper-pagination-bullet-horizontal-gap: 6px; font-family: var( --e-global-typography-text-font-family ), Sans-serif; font-weight: var( --e-global-typography-text-font-weight ); width: 1120px;\" data-id=\"e5aa39b\" data-element_type=\"widget\" data-widget_type=\"text-editor.default\"><div class=\"elementor-widget-container\" style=\"transition: background .3s,border .3s,border-radius .3s,box-shadow .3s,transform var(--e-transform-transition-duration,.4s);\"><div data-testid=\"richTextElement\"><p style=\"margin-bottom: var(--global-md-spacing);\">KLAUZULA INFORMACYJNA<\/p><p>dot. przetwarzania danych osobowych<\/p><\/div><div data-testid=\"richTextElement\"><p style=\"margin-bottom: var(--global-md-spacing);\">Zgodnie z art. 13 ust. 1 i 2 Rozporz\u0105dzenia Parlamentu Europejskiego i Rady (UE) 2016\/679 z dnia 27 kwietnia 2016 r.\u00a0 w sprawie ochrony os\u00f3b fizycznych w zwi\u0105zku z przetwarzaniem danych osobowych i w sprawie swobodnego przep\u0142ywu takich danych oraz uchylenia dyrektywy 95\/46\/WE (og\u00f3lne rozporz\u0105dzenie o ochronie danych, dalej r\u00f3wnie\u017c \u201eRODO\u201d), informujemy, \u017ce:<\/p><ol style=\"margin: 0 0 var(--global-md-spacing);\"><li><p>Administratorem Pa\u0144stwa danych osobowych jest Fundacja Europa House z siedzib\u0105 w Ogrodzie\u0144cu (kod pocztowy: 42-440) przy ul. Mieszka I 15, wpisan\u0105 do Krajowego Rejestru S\u0105dowego pod numerem KRS 0000505507, NIP\u00a0<span style=\"color: var( --e-global-color-text ); font-family: var( --e-global-typography-text-font-family ), Sans-serif; font-weight: var( --e-global-typography-text-font-weight ); background-color: transparent;\">6462934510<\/span><span style=\"color: var( --e-global-color-text ); font-family: var( --e-global-typography-text-font-family ), Sans-serif; font-weight: var( --e-global-typography-text-font-weight ); background-color: transparent;\">, REGON\u00a0<\/span><span style=\"color: var( --e-global-color-text ); font-family: var( --e-global-typography-text-font-family ), Sans-serif; font-weight: var( --e-global-typography-text-font-weight ); background-color: transparent;\">243620020.<\/span><\/p><\/li><li><p>Dane osobowe przetwarzane s\u0105 na podstawie art. 6 ust. 1 lit. b i f RODO, tj. w celu \u015bwiadczenia us\u0142ug informacyjnych prowadzonych przez Administratora za po\u015brednictwem strony internetowej\u00a0<a href=\"http:\/\/www.etnopomorze.pl\/\" target=\"_blank\" rel=\"noopener\" data-auto-recognition=\"true\">www.kulturalnie.e<\/a>u.<\/p><\/li><li><p>Administrator przetwarza wy\u0142\u0105cznie dane niezb\u0119dne do prawid\u0142owego \u015bwiadczenia us\u0142ug informatycznych za po\u015brednictwem strony internetowej\u00a0<a href=\"http:\/\/www.etnopomorze.pl\/\" target=\"_blank\" rel=\"noreferrer noopener\">www.k<\/a>ulturalnie.eu, takie jak w postaci adresu IP, rozdzielczo\u015bci ekranu, rodzaju przegl\u0105darki itp.<\/p><\/li><li><p>Dane osobowe zbieranie s\u0105 biernie i w spos\u00f3b zautomatyzowany poprzez dzia\u0142anie strony internetowej\u00a0<a href=\"http:\/\/www.etnopomorze.eu\/\" target=\"_blank\" rel=\"noreferrer noopener\">www.<\/a>kulturalnie.eu, a ich przetwarzanie jest niezb\u0119dne do zapewnienia prawid\u0142owego \u015bwiadczenia us\u0142ug informacyjnych prowadzonych przez Administratora za po\u015brednictwem strony internetowej\u00a0<a href=\"http:\/\/www.etnopomorze.pl\/\" target=\"_blank\" rel=\"noopener\" data-auto-recognition=\"true\">www.<\/a>kulturalnie.eu.<\/p><\/li><li><p>Dane osobowe przechowywane b\u0119d\u0105 przez okres wymagany przepisami prawa lub zwi\u0105zany z realizacj\u0105 interesu prawnego Administratora (tj. przez okres przedawnienia wzajemnych roszcze\u0144).<\/p><\/li><li><p>Odbiorcami danych osobowych mog\u0105 by\u0107 wy\u0142\u0105cznie:<\/p><\/li><\/ol><ul style=\"margin: 0 0 var(--global-md-spacing);\"><li><p>upowa\u017cniony personel Administratora,<\/p><\/li><li><p>odbiorcy zewn\u0119trzni, gdy istnieje ku temu odpowiednia podstawa prawna. Mog\u0105 to by\u0107 organy pa\u0144stwowe, lub podmioty przetwarzaj\u0105ce dane w ramach umowy powierzenia z administratorem (np. administrator serwera strony internetowej).<\/p><\/li><\/ul><ol><li><p>Dane osobowe mog\u0105 by\u0107 przekazywane do pa\u0144stwa trzeciego lub organizacji mi\u0119dzynarodowej (tj. poza Uni\u0119 Europejsk\u0105 i do pa\u0144stw znajduj\u0105cych si\u0119 poza Europejskim Obszarem Gospodarczym), w zwi\u0105zku z utrzymaniem strony internetowej\u00a0<a href=\"http:\/\/www.etnopomorze.pl\/\" target=\"_blank\" rel=\"noreferrer noopener\">www.k<\/a>ulturalnie.eu\u00a0na serwerach zagranicznych.<\/p><\/li><li><p>Osoby, kt\u00f3rych dane s\u0105 przetwarzane przez Administratora posiadaj\u0105 prawo dost\u0119pu do tre\u015bci swoich danych oraz prawo ich sprostowania, usuni\u0119cia, ograniczenia przetwarzania, prawo do przenoszenia danych, prawo wniesienia sprzeciwu, prawo do cofni\u0119cia zgody w dowolnym momencie bez wp\u0142ywu na zgodno\u015b\u0107 z prawem przetwarzania (je\u017celi przetwarzanie odbywa si\u0119 na podstawie zgody), kt\u00f3rego dokonano na podstawie zgody przed jej cofni\u0119ciem.<\/p><\/li><li><p>Osoby, kt\u00f3rych dane s\u0105 przetwarzane przez Administratora posiadaj\u0105 prawo wniesienia skargi do organu nadzorczego, tj. Prezesa Urz\u0119du Ochrony Danych Osobowych.kulturalnie.eu.kulturalnie.eukulturalnie.euk<\/p><\/li><\/ol><\/div><\/div><\/div><\/div><\/div><\/div><\/section>\t\t\t\t\t\t\t\t<\/div>\n\t\t\t\t<\/div>\n\t\t\t\t\t<\/div>\n\t\t<\/div>\n\t\t\t\t\t<\/div>\n\t\t<\/section>\n\t\t\t\t<\/div>\n\t\t","protected":false},"excerpt":{"rendered":"<p>Polityka Prywatno\u015bci KLAUZULA INFORMACYJNA dot. przetwarzania danych osobowych Zgodnie z art. 13 ust. 1 i 2 Rozporz\u0105dzenia Parlamentu Europejskiego i Rady (UE) 2016\/679 z dnia 27 kwietnia 2016 r.\u00a0 w sprawie ochrony os\u00f3b fizycznych w zwi\u0105zku z przetwarzaniem danych osobowych i w sprawie swobodnego przep\u0142ywu takich danych oraz uchylenia dyrektywy 95\/46\/WE (og\u00f3lne rozporz\u0105dzenie o ochronie&#8230;<\/p>\n","protected":false},"author":1,"featured_media":0,"parent":0,"menu_order":0,"comment_status":"closed","ping_status":"closed","template":"","meta":{"_kad_post_transparent":"","_kad_post_title":"hide","_kad_post_layout":"fullwidth","_kad_post_sidebar_id":"","_kad_post_content_style":"unboxed","_kad_post_vertical_padding":"hide","_kad_post_feature":"hide","_kad_post_feature_position":"","_kad_post_header":false,"_kad_post_footer":false,"footnotes":""},"class_list":["post-54","page","type-page","status-publish","hentry"],"_links":{"self":[{"href":"https:\/\/kulturalnie.eu\/index.php\/wp-json\/wp\/v2\/pages\/54","targetHints":{"allow":["GET"]}}],"collection":[{"href":"https:\/\/kulturalnie.eu\/index.php\/wp-json\/wp\/v2\/pages"}],"about":[{"href":"https:\/\/kulturalnie.eu\/index.php\/wp-json\/wp\/v2\/types\/page"}],"author":[{"embeddable":true,"href":"https:\/\/kulturalnie.eu\/index.php\/wp-json\/wp\/v2\/users\/1"}],"replies":[{"embeddable":true,"href":"https:\/\/kulturalnie.eu\/index.php\/wp-json\/wp\/v2\/comments?post=54"}],"version-history":[{"count":16,"href":"https:\/\/kulturalnie.eu\/index.php\/wp-json\/wp\/v2\/pages\/54\/revisions"}],"predecessor-version":[{"id":211,"href":"https:\/\/kulturalnie.eu\/index.php\/wp-json\/wp\/v2\/pages\/54\/revisions\/211"}],"wp:attachment":[{"href":"https:\/\/kulturalnie.eu\/index.php\/wp-json\/wp\/v2\/media?parent=54"}],"curies":[{"name":"wp","href":"https:\/\/api.w.org\/{rel}","templated":true}]}}