{"id":62,"date":"2023-06-12T09:26:48","date_gmt":"2023-06-12T07:26:48","guid":{"rendered":"https:\/\/kulturalnie.eu\/?page_id=62"},"modified":"2023-07-05T11:07:37","modified_gmt":"2023-07-05T09:07:37","slug":"deklaracja-dostepnosci","status":"publish","type":"page","link":"https:\/\/kulturalnie.eu\/index.php\/deklaracja-dostepnosci\/","title":{"rendered":"Deklaracja dost\u0119pno\u015bci"},"content":{"rendered":"\t\t<div data-elementor-type=\"wp-page\" data-elementor-id=\"62\" class=\"elementor elementor-62\">\n\t\t\t\t\t\t<section class=\"elementor-section elementor-top-section elementor-element elementor-element-005d4d4 elementor-section-boxed elementor-section-height-default elementor-section-height-default\" data-id=\"005d4d4\" data-element_type=\"section\" data-e-type=\"section\">\n\t\t\t\t\t\t<div class=\"elementor-container elementor-column-gap-default\">\n\t\t\t\t\t<div class=\"elementor-column elementor-col-100 elementor-top-column elementor-element elementor-element-1011931\" data-id=\"1011931\" data-element_type=\"column\" data-e-type=\"column\">\n\t\t\t<div class=\"elementor-widget-wrap elementor-element-populated\">\n\t\t\t\t\t\t<div class=\"elementor-element elementor-element-c6e49e8 elementor-widget elementor-widget-text-editor\" data-id=\"c6e49e8\" data-element_type=\"widget\" data-e-type=\"widget\" data-widget_type=\"text-editor.default\">\n\t\t\t\t<div class=\"elementor-widget-container\">\n\t\t\t\t\t\t\t\t\t<section class=\"elementor-section elementor-top-section elementor-element elementor-element-c4832bf elementor-section-boxed elementor-section-height-default elementor-section-height-default\" style=\"flex-basis: var(--flex-basis); flex-grow: var(--flex-grow); flex-shrink: var(--flex-shrink); order: var(--order); align-self: var(--align-self); --swiper-theme-color: #000; --swiper-navigation-size: 44px; --swiper-pagination-bullet-size: 6px; --swiper-pagination-bullet-horizontal-gap: 6px; color: #2d3748; font-family: -apple-system, BlinkMacSystemFont, 'Segoe UI', Roboto, Oxygen-Sans, Ubuntu, Cantarell, 'Helvetica Neue', sans-serif, 'Apple Color Emoji', 'Segoe UI Emoji', 'Segoe UI Symbol';\" data-id=\"c4832bf\" data-element_type=\"section\"><div class=\"elementor-container elementor-column-gap-default\"><div class=\"elementor-column elementor-col-100 elementor-top-column elementor-element elementor-element-2dc6065\" style=\"flex-basis: var(--flex-basis); flex-grow: var(--flex-grow); flex-shrink: var(--flex-shrink); order: var(--order); align-self: var(--align-self); --swiper-theme-color: #000; --swiper-navigation-size: 44px; --swiper-pagination-bullet-size: 6px; --swiper-pagination-bullet-horizontal-gap: 6px; width: 1140px;\" data-id=\"2dc6065\" data-element_type=\"column\"><div class=\"elementor-widget-wrap elementor-element-populated\" style=\"width: 1140px;\"><div class=\"elementor-element elementor-element-c7327e7 elementor-widget elementor-widget-heading\" style=\"flex-basis: var(--flex-basis); flex-grow: var(--flex-grow); flex-shrink: var(--flex-shrink); order: var(--order); align-self: var(--align-self); flex-direction: var(--flex-direction); flex-wrap: var(--flex-wrap); justify-content: var(--justify-content); align-items: var(--align-items); align-content: var(--align-content); gap: var(--gap); --swiper-theme-color: #000; --swiper-navigation-size: 44px; --swiper-pagination-bullet-size: 6px; --swiper-pagination-bullet-horizontal-gap: 6px; width: 1120px;\" data-id=\"c7327e7\" data-element_type=\"widget\" data-widget_type=\"heading.default\"><div class=\"elementor-widget-container\" style=\"transition: background .3s,border .3s,border-radius .3s,box-shadow .3s,transform var(--e-transform-transition-duration,.4s);\"><h2 class=\"elementor-heading-title elementor-size-default\" style=\"margin-top: 1.5em; font-family: var( --e-global-typography-primary-font-family ), Sans-serif; font-weight: var( --e-global-typography-primary-font-weight );\">Deklaracja dost\u0119pno\u015bci<\/h2><\/div><\/div><\/div><\/div><\/div><\/section><section class=\"elementor-section elementor-top-section elementor-element elementor-element-22411b1 elementor-section-boxed elementor-section-height-default elementor-section-height-default\" style=\"flex-basis: var(--flex-basis); flex-grow: var(--flex-grow); flex-shrink: var(--flex-shrink); order: var(--order); align-self: var(--align-self); --swiper-theme-color: #000; --swiper-navigation-size: 44px; --swiper-pagination-bullet-size: 6px; --swiper-pagination-bullet-horizontal-gap: 6px; color: #2d3748; font-family: -apple-system, BlinkMacSystemFont, 'Segoe UI', Roboto, Oxygen-Sans, Ubuntu, Cantarell, 'Helvetica Neue', sans-serif, 'Apple Color Emoji', 'Segoe UI Emoji', 'Segoe UI Symbol';\" data-id=\"22411b1\" data-element_type=\"section\"><div class=\"elementor-container elementor-column-gap-default\"><div class=\"elementor-column elementor-col-100 elementor-top-column elementor-element elementor-element-03126db\" style=\"flex-basis: var(--flex-basis); flex-grow: var(--flex-grow); flex-shrink: var(--flex-shrink); order: var(--order); align-self: var(--align-self); --swiper-theme-color: #000; --swiper-navigation-size: 44px; --swiper-pagination-bullet-size: 6px; --swiper-pagination-bullet-horizontal-gap: 6px; width: 1140px;\" data-id=\"03126db\" data-element_type=\"column\"><div class=\"elementor-widget-wrap elementor-element-populated\" style=\"width: 1140px;\"><div class=\"elementor-element elementor-element-feccaac elementor-widget elementor-widget-text-editor\" style=\"flex-basis: var(--flex-basis); flex-grow: var(--flex-grow); flex-shrink: var(--flex-shrink); order: var(--order); align-self: var(--align-self); flex-direction: var(--flex-direction); flex-wrap: var(--flex-wrap); justify-content: var(--justify-content); align-items: var(--align-items); align-content: var(--align-content); gap: var(--gap); --swiper-theme-color: #000; --swiper-navigation-size: 44px; --swiper-pagination-bullet-size: 6px; --swiper-pagination-bullet-horizontal-gap: 6px; font-family: var( --e-global-typography-text-font-family ), Sans-serif; font-weight: var( --e-global-typography-text-font-weight ); width: 1120px;\" data-id=\"feccaac\" data-element_type=\"widget\" data-widget_type=\"text-editor.default\"><div class=\"elementor-widget-container\" style=\"transition: background .3s,border .3s,border-radius .3s,box-shadow .3s,transform var(--e-transform-transition-duration,.4s);\"><p id=\"a11y-wstep\" style=\"margin-bottom: var(--global-md-spacing);\"><span id=\"a11y-podmiot\">\u015al\u0105skie Kulturalnie<\/span>\u00a0zobowi\u0105zuje si\u0119 zapewni\u0107 dost\u0119pno\u015b\u0107 swojej strony internetowej zgodnie z przepisami ustawy z dnia 4 kwietnia 2019 r. o dost\u0119pno\u015bci cyfrowej stron internetowych i aplikacji mobilnych podmiot\u00f3w publicznych.<\/p><p style=\"margin-bottom: var(--global-md-spacing);\">Deklaracja dost\u0119pno\u015bci dotyczy strony internetowej kulturalnie.eu<\/p><p style=\"margin-bottom: var(--global-md-spacing);\">Data publikacji strony internetowej:\u00a0\u00a0<time id=\"a11y-data-publikacja\">2023-06-01<\/time>. Data ostatniej du\u017cej aktualizacji:\u00a0\u00a0<time id=\"a11y-data-aktualizacja\">2023-06-09.<\/time><\/p><h3 style=\"font-family: var(--global-heading-font-family);\">Stan dost\u0119pno\u015bci cyfrowej<\/h3><p id=\"a11y-status\" style=\"margin-bottom: var(--global-md-spacing);\"><strong>Strona internetowa jest cz\u0119\u015bciowo zgodna\u00a0<\/strong>z ustaw\u0105 z dnia 4 kwietnia 2019 r. o dost\u0119pno\u015bci cyfrowej stron internetowych i aplikacji mobilnych podmiot\u00f3w publicznych z powodu niezgodno\u015bci lub wy\u0142\u0105cze\u0144 wymienionych poni\u017cej.<\/p><h3 style=\"font-family: var(--global-heading-font-family);\">Przygotowanie deklaracji dost\u0119pno\u015bci<\/h3><p style=\"margin-bottom: var(--global-md-spacing);\">Data sporz\u0105dzenia deklaracji:\u00a0<time id=\"a11y-data-sporzadzenie\">2023-06-01<\/time>.<\/p><p style=\"margin-bottom: var(--global-md-spacing);\">Deklaracj\u0119 sporz\u0105dzono na podstawie samooceny przeprowadzonej przez podmiot publiczny.<\/p><p style=\"margin-bottom: var(--global-md-spacing);\">Data ostatniego przegl\u0105du deklaracji:\u00a0<time id=\"a11y-data-przeglad\">2023-06-01<\/time>.<\/p><h3 style=\"font-family: var(--global-heading-font-family);\">Skr\u00f3ty klawiaturowe<\/h3><p style=\"margin-bottom: var(--global-md-spacing);\">Na tej stronie internetowej mo\u017cna korzysta\u0107 ze standardowych skr\u00f3t\u00f3w klawiaturowych.<\/p><h3 id=\"a11y-kontakt\" style=\"font-family: var(--global-heading-font-family);\">Informacje zwrotne i dane kontaktowe<\/h3><p style=\"margin-bottom: var(--global-md-spacing);\">Na tej stronie internetowej s\u0105 problemy, kt\u00f3re wynikaj\u0105 z niespe\u0142nienia wymog\u00f3w dost\u0119pno\u015bci cyfrowej? Zg\u0142o\u015b to do biura projektu, mailowo \u2013\u00a0<a id=\"a11y-email\" href=\"mailto:janprzykladowy@przykladowyurzad.gov.pl\">b<\/a>iuro@europahouse.eu.<\/p><p style=\"margin-bottom: var(--global-md-spacing);\">W zg\u0142oszeniu podaj:<\/p><ul style=\"margin: 0 0 var(--global-md-spacing);\"><li>swoje imi\u0119 i nazwisko,<\/li><li>swoje\u00a0dane kontaktowe (np. numer telefonu, e-mail),<\/li><li>dok\u0142adny adres strony internetowej, na kt\u00f3rej jest niedost\u0119pny element lub tre\u015b\u0107,<\/li><li>opis\u00a0na czym polega problem i jaki spos\u00f3b jego rozwi\u0105zania\u00a0by\u0142by dla Ciebie najwygodniejszy.<\/li><\/ul><p id=\"a11y-procedura\" style=\"margin-bottom: var(--global-md-spacing);\"><strong>Obs\u0142uga wniosk\u00f3w i skarg zwi\u0105zanych z dost\u0119pno\u015bci\u0105\u00a0<\/strong><\/p><p style=\"margin-bottom: var(--global-md-spacing);\">Na Twoje zg\u0142oszenie odpowiemy najszybciej jak to mo\u017cliwe, nie p\u00f3\u017aniej ni\u017c w ci\u0105gu 7 dni od jego otrzymania.<\/p><p style=\"margin-bottom: var(--global-md-spacing);\">Je\u017celi ten termin b\u0119dzie dla nas zbyt kr\u00f3tki poinformujemy Ci\u0119 o tym. W tej informacji podamy nowy termin, do kt\u00f3rego poprawimy zg\u0142oszone przez Ciebie b\u0142\u0119dy lub przygotujemy informacje w alternatywny spos\u00f3b. Ten nowy termin nie b\u0119dzie d\u0142u\u017cszy ni\u017c 2 miesi\u0105ce.<\/p><p style=\"margin-bottom: var(--global-md-spacing);\">Je\u017celi nie b\u0119dziemy w stanie zapewni\u0107 dost\u0119pno\u015bci cyfrowej strony internetowej lub tre\u015bci, z Twojego zg\u0142oszeniu, zaproponujemy Ci dost\u0119p do nich w alternatywny spos\u00f3b.<\/p><p style=\"margin-bottom: var(--global-md-spacing);\">Je\u017celi nasze dzia\u0142ania nie b\u0119d\u0105 dla Ciebie zadowalaj\u0105ce, mo\u017cesz zg\u0142osi\u0107 skarg\u0119 do\u00a0odpowiedniego urz\u0119du\u00a0. Je\u017celi nadal b\u0119dziesz mie\u0107 uwagi do naszych dzia\u0142a\u0144 zwi\u0105zane z dost\u0119pno\u015bci\u0105 cyfrow\u0105 mo\u017cesz zg\u0142osi\u0107 je do\u00a0Rzecznika Praw Obywatelskich\u015al\u0105skie kulturalniekulturalnie.eu<\/p><\/div><\/div><\/div><\/div><\/div><\/section>\t\t\t\t\t\t\t\t<\/div>\n\t\t\t\t<\/div>\n\t\t\t\t\t<\/div>\n\t\t<\/div>\n\t\t\t\t\t<\/div>\n\t\t<\/section>\n\t\t\t\t<\/div>\n\t\t","protected":false},"excerpt":{"rendered":"<p>Deklaracja dost\u0119pno\u015bci \u015al\u0105skie Kulturalnie\u00a0zobowi\u0105zuje si\u0119 zapewni\u0107 dost\u0119pno\u015b\u0107 swojej strony internetowej zgodnie z przepisami ustawy z dnia 4 kwietnia 2019 r. o dost\u0119pno\u015bci cyfrowej stron internetowych i aplikacji mobilnych podmiot\u00f3w publicznych. Deklaracja dost\u0119pno\u015bci dotyczy strony internetowej kulturalnie.eu Data publikacji strony internetowej:\u00a0\u00a02023-06-01. Data ostatniej du\u017cej aktualizacji:\u00a0\u00a02023-06-09. Stan dost\u0119pno\u015bci cyfrowej Strona internetowa jest cz\u0119\u015bciowo zgodna\u00a0z ustaw\u0105 z dnia&#8230;<\/p>\n","protected":false},"author":1,"featured_media":0,"parent":0,"menu_order":0,"comment_status":"closed","ping_status":"closed","template":"","meta":{"_kad_post_transparent":"","_kad_post_title":"hide","_kad_post_layout":"fullwidth","_kad_post_sidebar_id":"","_kad_post_content_style":"unboxed","_kad_post_vertical_padding":"hide","_kad_post_feature":"hide","_kad_post_feature_position":"","_kad_post_header":false,"_kad_post_footer":false,"footnotes":""},"class_list":["post-62","page","type-page","status-publish","hentry"],"_links":{"self":[{"href":"https:\/\/kulturalnie.eu\/index.php\/wp-json\/wp\/v2\/pages\/62","targetHints":{"allow":["GET"]}}],"collection":[{"href":"https:\/\/kulturalnie.eu\/index.php\/wp-json\/wp\/v2\/pages"}],"about":[{"href":"https:\/\/kulturalnie.eu\/index.php\/wp-json\/wp\/v2\/types\/page"}],"author":[{"embeddable":true,"href":"https:\/\/kulturalnie.eu\/index.php\/wp-json\/wp\/v2\/users\/1"}],"replies":[{"embeddable":true,"href":"https:\/\/kulturalnie.eu\/index.php\/wp-json\/wp\/v2\/comments?post=62"}],"version-history":[{"count":28,"href":"https:\/\/kulturalnie.eu\/index.php\/wp-json\/wp\/v2\/pages\/62\/revisions"}],"predecessor-version":[{"id":208,"href":"https:\/\/kulturalnie.eu\/index.php\/wp-json\/wp\/v2\/pages\/62\/revisions\/208"}],"wp:attachment":[{"href":"https:\/\/kulturalnie.eu\/index.php\/wp-json\/wp\/v2\/media?parent=62"}],"curies":[{"name":"wp","href":"https:\/\/api.w.org\/{rel}","templated":true}]}}