{"id":88,"date":"2023-06-12T11:33:30","date_gmt":"2023-06-12T09:33:30","guid":{"rendered":"https:\/\/kulturalnie.eu\/?page_id=88"},"modified":"2025-06-24T10:39:14","modified_gmt":"2025-06-24T08:39:14","slug":"zapisy","status":"publish","type":"page","link":"https:\/\/kulturalnie.eu\/index.php\/zapisy\/","title":{"rendered":"Zapisy"},"content":{"rendered":"\t\t<div data-elementor-type=\"wp-page\" data-elementor-id=\"88\" class=\"elementor elementor-88\">\n\t\t\t\t\t\t<section class=\"elementor-section elementor-top-section elementor-element elementor-element-359f7bd elementor-section-boxed elementor-section-height-default elementor-section-height-default\" data-id=\"359f7bd\" data-element_type=\"section\" data-e-type=\"section\">\n\t\t\t\t\t\t<div class=\"elementor-container elementor-column-gap-default\">\n\t\t\t\t\t<div class=\"elementor-column elementor-col-50 elementor-top-column elementor-element elementor-element-e8c74f5\" data-id=\"e8c74f5\" data-element_type=\"column\" data-e-type=\"column\">\n\t\t\t<div class=\"elementor-widget-wrap elementor-element-populated\">\n\t\t\t\t\t\t<div class=\"elementor-element elementor-element-6167660 elementor-widget elementor-widget-image\" data-id=\"6167660\" data-element_type=\"widget\" data-e-type=\"widget\" data-widget_type=\"image.default\">\n\t\t\t\t<div class=\"elementor-widget-container\">\n\t\t\t\t\t\t\t\t\t\t\t\t\t\t\t<img fetchpriority=\"high\" decoding=\"async\" width=\"1024\" height=\"1024\" src=\"https:\/\/kulturalnie.eu\/wp-content\/uploads\/2024\/01\/SK-18-1024x1024.png\" class=\"attachment-large size-large wp-image-386\" alt=\"\" srcset=\"https:\/\/kulturalnie.eu\/wp-content\/uploads\/2024\/01\/SK-18-1024x1024.png 1024w, https:\/\/kulturalnie.eu\/wp-content\/uploads\/2024\/01\/SK-18-300x300.png 300w, https:\/\/kulturalnie.eu\/wp-content\/uploads\/2024\/01\/SK-18-150x150.png 150w, https:\/\/kulturalnie.eu\/wp-content\/uploads\/2024\/01\/SK-18-768x768.png 768w, https:\/\/kulturalnie.eu\/wp-content\/uploads\/2024\/01\/SK-18.png 1080w\" sizes=\"(max-width: 1024px) 100vw, 1024px\" \/>\t\t\t\t\t\t\t\t\t\t\t\t\t\t\t<\/div>\n\t\t\t\t<\/div>\n\t\t\t\t\t<\/div>\n\t\t<\/div>\n\t\t\t\t<div class=\"elementor-column elementor-col-50 elementor-top-column elementor-element elementor-element-22901ca\" data-id=\"22901ca\" data-element_type=\"column\" data-e-type=\"column\">\n\t\t\t<div class=\"elementor-widget-wrap elementor-element-populated\">\n\t\t\t\t\t\t<div class=\"elementor-element elementor-element-623262a elementor-widget elementor-widget-heading\" data-id=\"623262a\" data-element_type=\"widget\" data-e-type=\"widget\" data-widget_type=\"heading.default\">\n\t\t\t\t<div class=\"elementor-widget-container\">\n\t\t\t\t\t<h2 class=\"elementor-heading-title elementor-size-xl\">Zapraszamy do udzia\u0142u w  zaj\u0119ciach w 2025 roku.<\/h2>\t\t\t\t<\/div>\n\t\t\t\t<\/div>\n\t\t\t\t<div class=\"elementor-element elementor-element-f10c406 elementor-widget elementor-widget-spacer\" data-id=\"f10c406\" data-element_type=\"widget\" data-e-type=\"widget\" data-widget_type=\"spacer.default\">\n\t\t\t\t<div class=\"elementor-widget-container\">\n\t\t\t\t\t\t\t<div class=\"elementor-spacer\">\n\t\t\t<div class=\"elementor-spacer-inner\"><\/div>\n\t\t<\/div>\n\t\t\t\t\t\t<\/div>\n\t\t\t\t<\/div>\n\t\t\t\t<div class=\"elementor-element elementor-element-b8b2a57 elementor-widget elementor-widget-text-editor\" data-id=\"b8b2a57\" data-element_type=\"widget\" data-e-type=\"widget\" data-widget_type=\"text-editor.default\">\n\t\t\t\t<div class=\"elementor-widget-container\">\n\t\t\t\t\t\t\t\t\t<p dir=\"ltr\" style=\"font-variant-numeric: normal; font-variant-east-asian: normal; font-variant-alternates: normal; margin: 12pt 0pt 0pt; outline: none; position: relative; color: #1c1c1c; font-size: 16px; font-family: Ubuntu; vertical-align: baseline; line-height: 1.5; padding-left: 0pt; white-space-collapse: preserve;\">Ju\u017c teraz zach\u0119camy do zg\u0142oszenia poprzez <strong><span style=\"color: #000466;\"><a style=\"pointer-events: all;\" href=\"https:\/\/docs.google.com\/forms\/d\/1OgpBmnBu2XdB94yyYEXxKDkJpeFQc1bqYSctGdoBIjQ\/edit\" target=\"_blank\" rel=\"noopener\">formularz elektroniczny<\/a><\/span><\/strong>. W przypadku du\u017cej liczby zg\u0142osze\u0144 b\u0119dzie decydowa\u0142a kolejno\u015b\u0107. Dlatego warto zg\u0142osi\u0107 si\u0119 ju\u017c dzi\u015b! To nic nie kosztuje.<\/p>\n<p dir=\"ltr\" style=\"font-variant-numeric: normal; font-variant-east-asian: normal; font-variant-alternates: normal; margin-top: 12pt; margin-right: 0pt; margin-left: 0pt; outline: none; position: relative; color: #1c1c1c; font-size: 16px; padding-bottom: 0px; font-family: Ubuntu; vertical-align: baseline; line-height: 1.5; padding-left: 0pt; white-space-collapse: preserve;\">Przypominamy, \u017ce wszystkie zaj\u0119cia s\u0105 darmowe.<\/p>\t\t\t\t\t\t\t\t<\/div>\n\t\t\t\t<\/div>\n\t\t\t\t\t<\/div>\n\t\t<\/div>\n\t\t\t\t\t<\/div>\n\t\t<\/section>\n\t\t\t\t<\/div>\n\t\t","protected":false},"excerpt":{"rendered":"<p>Zapraszamy do udzia\u0142u w zaj\u0119ciach w 2025 roku. Ju\u017c teraz zach\u0119camy do zg\u0142oszenia poprzez formularz elektroniczny. W przypadku du\u017cej liczby zg\u0142osze\u0144 b\u0119dzie decydowa\u0142a kolejno\u015b\u0107. Dlatego warto zg\u0142osi\u0107 si\u0119 ju\u017c dzi\u015b! To nic nie kosztuje. Przypominamy, \u017ce wszystkie zaj\u0119cia s\u0105 darmowe.<\/p>\n","protected":false},"author":1,"featured_media":0,"parent":0,"menu_order":0,"comment_status":"closed","ping_status":"closed","template":"","meta":{"_kad_post_transparent":"","_kad_post_title":"hide","_kad_post_layout":"fullwidth","_kad_post_sidebar_id":"","_kad_post_content_style":"unboxed","_kad_post_vertical_padding":"hide","_kad_post_feature":"hide","_kad_post_feature_position":"","_kad_post_header":false,"_kad_post_footer":false,"footnotes":""},"class_list":["post-88","page","type-page","status-publish","hentry"],"_links":{"self":[{"href":"https:\/\/kulturalnie.eu\/index.php\/wp-json\/wp\/v2\/pages\/88","targetHints":{"allow":["GET"]}}],"collection":[{"href":"https:\/\/kulturalnie.eu\/index.php\/wp-json\/wp\/v2\/pages"}],"about":[{"href":"https:\/\/kulturalnie.eu\/index.php\/wp-json\/wp\/v2\/types\/page"}],"author":[{"embeddable":true,"href":"https:\/\/kulturalnie.eu\/index.php\/wp-json\/wp\/v2\/users\/1"}],"replies":[{"embeddable":true,"href":"https:\/\/kulturalnie.eu\/index.php\/wp-json\/wp\/v2\/comments?post=88"}],"version-history":[{"count":42,"href":"https:\/\/kulturalnie.eu\/index.php\/wp-json\/wp\/v2\/pages\/88\/revisions"}],"predecessor-version":[{"id":405,"href":"https:\/\/kulturalnie.eu\/index.php\/wp-json\/wp\/v2\/pages\/88\/revisions\/405"}],"wp:attachment":[{"href":"https:\/\/kulturalnie.eu\/index.php\/wp-json\/wp\/v2\/media?parent=88"}],"curies":[{"name":"wp","href":"https:\/\/api.w.org\/{rel}","templated":true}]}}